{"id":1216,"date":"2024-08-10T19:24:47","date_gmt":"2024-08-10T13:54:47","guid":{"rendered":"https:\/\/olyve.tanshcreative.com\/?page_id=1216"},"modified":"2025-11-16T20:43:06","modified_gmt":"2025-11-16T20:43:06","slug":"transculturalidad","status":"publish","type":"page","link":"https:\/\/maleno.org\/?page_id=1216","title":{"rendered":"Transculturalidad"},"content":{"rendered":"\t\t<div data-elementor-type=\"wp-page\" data-elementor-id=\"1216\" class=\"elementor elementor-1216\" data-elementor-post-type=\"page\">\n\t\t\t\t<section class=\"elementor-element elementor-element-28ddd56f e-flex e-con-boxed e-con e-parent\" data-id=\"28ddd56f\" data-element_type=\"container\">\n\t\t\t\t\t<div class=\"e-con-inner\">\n\t\t<div class=\"elementor-element elementor-element-17e1bf45 e-con-full e-flex e-con e-child\" data-id=\"17e1bf45\" data-element_type=\"container\">\n\t\t<div class=\"elementor-element elementor-element-4c4bf563 e-con-full e-flex e-con e-child\" data-id=\"4c4bf563\" data-element_type=\"container\" data-settings=\"{&quot;background_background&quot;:&quot;classic&quot;}\">\n\t\t\t\t<div class=\"elementor-element elementor-element-1dcaecce elementor-align-left elementor-widget elementor-widget-dtr-theme-heading\" data-id=\"1dcaecce\" data-element_type=\"widget\" data-widget_type=\"dtr-theme-heading.default\">\n\t\t\t\t<div class=\"elementor-widget-container\">\n\t\t\t\t\t            <h4 class=\"dtr-heading dtr-heading__default dtr-text--color-three\">Vocaci\u00f3n<\/h4>\r\n    \t\t\t\t<\/div>\n\t\t\t\t<\/div>\n\t\t\t\t<div class=\"elementor-element elementor-element-73765c06 elementor-widget elementor-widget-spacer\" data-id=\"73765c06\" data-element_type=\"widget\" data-widget_type=\"spacer.default\">\n\t\t\t\t\t\t\t<div class=\"elementor-spacer\">\n\t\t\t<div class=\"elementor-spacer-inner\"><\/div>\n\t\t<\/div>\n\t\t\t\t\t\t<\/div>\n\t\t\t\t<div class=\"elementor-element elementor-element-432e16d4 elementor-widget elementor-widget-wp-widget-nav_menu\" data-id=\"432e16d4\" data-element_type=\"widget\" data-widget_type=\"wp-widget-nav_menu.default\">\n\t\t\t\t<div class=\"elementor-widget-container\">\n\t\t\t\t\t<nav class=\"menu-services-menu-container\" aria-label=\"Men\u00fa\"><ul id=\"menu-services-menu\" class=\"menu\"><li id=\"menu-item-1340\" class=\"menu-item menu-item-type-post_type menu-item-object-page menu-item-1340\"><a href=\"https:\/\/maleno.org\/?page_id=1216\">Transculturalidad<\/a><\/li>\n<li id=\"menu-item-1339\" class=\"menu-item menu-item-type-post_type menu-item-object-page menu-item-1339\"><a href=\"https:\/\/maleno.org\/?page_id=1324\">Tecnolog\u00eda<\/a><\/li>\n<li id=\"menu-item-1338\" class=\"menu-item menu-item-type-post_type menu-item-object-page menu-item-1338\"><a href=\"https:\/\/maleno.org\/?page_id=1328\">Espiritualidades<\/a><\/li>\n<li id=\"menu-item-1337\" class=\"menu-item menu-item-type-post_type menu-item-object-page menu-item-1337\"><a href=\"https:\/\/maleno.org\/?page_id=1332\">Sostenibilidad<\/a><\/li>\n<\/ul><\/nav>\t\t\t\t<\/div>\n\t\t\t\t<\/div>\n\t\t\t\t<\/div>\n\t\t\t\t<\/div>\n\t\t<div class=\"elementor-element elementor-element-551d36ed e-con-full e-flex e-con e-child\" data-id=\"551d36ed\" data-element_type=\"container\">\n\t\t\t\t<div class=\"elementor-element elementor-element-ca91681 elementor-widget elementor-widget-image\" data-id=\"ca91681\" data-element_type=\"widget\" data-widget_type=\"image.default\">\n\t\t\t\t\t\t\t\t\t\t\t\t\t\t\t<img fetchpriority=\"high\" decoding=\"async\" width=\"768\" height=\"489\" src=\"https:\/\/maleno.org\/wp-content\/uploads\/2025\/09\/Captura-de-pantalla-2025-03-14-a-las-1.15.31-1-e1759068594200-768x489.png\" class=\"attachment-medium_large size-medium_large wp-image-2362\" alt=\"\" srcset=\"https:\/\/maleno.org\/wp-content\/uploads\/2025\/09\/Captura-de-pantalla-2025-03-14-a-las-1.15.31-1-e1759068594200-768x489.png 768w, https:\/\/maleno.org\/wp-content\/uploads\/2025\/09\/Captura-de-pantalla-2025-03-14-a-las-1.15.31-1-e1759068594200-300x191.png 300w, https:\/\/maleno.org\/wp-content\/uploads\/2025\/09\/Captura-de-pantalla-2025-03-14-a-las-1.15.31-1-e1759068594200-1024x652.png 1024w, https:\/\/maleno.org\/wp-content\/uploads\/2025\/09\/Captura-de-pantalla-2025-03-14-a-las-1.15.31-1-e1759068594200-1536x977.png 1536w, https:\/\/maleno.org\/wp-content\/uploads\/2025\/09\/Captura-de-pantalla-2025-03-14-a-las-1.15.31-1-e1759068594200.png 1600w\" sizes=\"(max-width: 768px) 100vw, 768px\" \/>\t\t\t\t\t\t\t\t\t\t\t\t\t\t\t<\/div>\n\t\t\t\t<div class=\"elementor-element elementor-element-5a10f463 elementor-align-left elementor-widget elementor-widget-dtr-theme-heading\" data-id=\"5a10f463\" data-element_type=\"widget\" data-widget_type=\"dtr-theme-heading.default\">\n\t\t\t\t<div class=\"elementor-widget-container\">\n\t\t\t\t\t            <h3 class=\"dtr-heading dtr-heading__default dtr-text--color-three\">Realidad transfronteriza en la globalizaci\u00f3n<\/h3>\r\n    \t\t\t\t<\/div>\n\t\t\t\t<\/div>\n\t\t\t\t<div class=\"elementor-element elementor-element-18a0f10b elementor-widget elementor-widget-text-editor\" data-id=\"18a0f10b\" data-element_type=\"widget\" data-widget_type=\"text-editor.default\">\n\t\t\t\t\t\t\t\t\t<p>Vivimos en un mundo donde las biograf\u00edas ya no caben en un solo pa\u00eds. La globalizaci\u00f3n ha acelerado este fen\u00f3meno: cada vez m\u00e1s personas y organizaciones se mueven entre dos orillas, dos imaginarios y dos pertenencias que conviven.<\/p><p>La distancia entre Marruecos y Espa\u00f1a son tan solo 14 kil\u00f3metros. En un horizonte 2030 lleno de oportunidades, la perspectiva transfronteriza permite desbloquear colaboraciones que parec\u00edan imposibles y construir espacios hispano-marroqu\u00edes de diversidad e innovaci\u00f3n.<\/p>\t\t\t\t\t\t\t\t<\/div>\n\t\t\t\t<div class=\"elementor-element elementor-element-717bfebc elementor-widget elementor-widget-heading\" data-id=\"717bfebc\" data-element_type=\"widget\" data-widget_type=\"heading.default\">\n\t\t\t\t\t<h5 class=\"elementor-heading-title elementor-size-default\">C\u00f3mo trabajo la transculturalidad<\/h5>\t\t\t\t<\/div>\n\t\t\t\t<div class=\"elementor-element elementor-element-28e8cfd5 elementor-widget elementor-widget-dtr-iconhead\" data-id=\"28e8cfd5\" data-element_type=\"widget\" data-widget_type=\"dtr-iconhead.default\">\n\t\t\t\t<div class=\"elementor-widget-container\">\n\t\t\t\t\t        <div class=\"dtr-iconhead dtr-iconhead--align-left dtr-iconhead--style-default  dtr-radius--round\">\r\n        <div class=\"dtr-icon dtr-iconhead__icon\">\r\n                                 <i class=\"icon-globe2\" aria-hidden=\"true\"><\/i>\r\n                   \r\n            <\/div>\r\n                        \t<p class=\"dtr-iconhead__heading\">Conexi\u00f3n sin fronteras Espa\u00f1a - Marruecos<\/p>\r\n                        <\/div>\r\n\t\t\t\t<\/div>\n\t\t\t\t<\/div>\n\t\t\t\t<div class=\"elementor-element elementor-element-14342f41 elementor-widget elementor-widget-text-editor\" data-id=\"14342f41\" data-element_type=\"widget\" data-widget_type=\"text-editor.default\">\n\t\t\t\t\t\t\t\t\t<p data-start=\"0\" data-end=\"447\">Desde la consultora <em><strong data-start=\"18\" data-end=\"37\">transfronteriza<\/strong><\/em> acompa\u00f1amos a organizaciones, instituciones y empresas de Espa\u00f1a y Marruecos en su <strong>conexi\u00f3n<\/strong> transcultural. Generamos <strong>alianzas<\/strong> de confianza entre <strong>socios<\/strong> a ambos lados del Estrecho que desean <strong>generar valor<\/strong>.<\/p><p data-start=\"449\" data-end=\"852\">Desbloqueamos el potencial de la <strong>colaboraci\u00f3n hispano-marroqu\u00ed<\/strong> en procesos de internacionalizaci\u00f3n y programas de cooperaci\u00f3n. Descubre nuestra metodolog\u00eda en <a href=\"http:\/\/transfronteriza.net\/personas\">transfronteriza<\/a>.net<\/p>\t\t\t\t\t\t\t\t<\/div>\n\t\t\t\t<div class=\"elementor-element elementor-element-7c5108e4 elementor-widget elementor-widget-dtr-iconhead\" data-id=\"7c5108e4\" data-element_type=\"widget\" data-widget_type=\"dtr-iconhead.default\">\n\t\t\t\t<div class=\"elementor-widget-container\">\n\t\t\t\t\t        <div class=\"dtr-iconhead dtr-iconhead--align-left dtr-iconhead--style-default  dtr-radius--round\">\r\n        <div class=\"dtr-icon dtr-iconhead__icon\">\r\n                                 <i class=\"icon-star\" aria-hidden=\"true\"><\/i>\r\n                   \r\n            <\/div>\r\n                        \t<p class=\"dtr-iconhead__heading\">Comunidad transfronteriza<\/p>\r\n                        <\/div>\r\n\t\t\t\t<\/div>\n\t\t\t\t<\/div>\n\t\t\t\t<div class=\"elementor-element elementor-element-5958787d elementor-widget elementor-widget-text-editor\" data-id=\"5958787d\" data-element_type=\"widget\" data-widget_type=\"text-editor.default\">\n\t\t\t\t\t\t\t\t\t<p>Cada vez somos m\u00e1s <strong>personas transfronterizas<\/strong>. Nuestras identidades no pertenecen a un solo pa\u00eds, un solo idioma o una sola forma de ver la vida. Nos sentimos de varios lugares a la vez y elegimos serlo todo, sin fronteras para lo que llevamos dentro.\u00a0<\/p><p>En el <strong>mundo globalizado<\/strong>, las personas transfronterizas vamos camino de ser la regla y no la excepci\u00f3n. La <strong>visi\u00f3n transfronteriza<\/strong> es una vacuna contra el odio, el racismo y la polarizaci\u00f3n, renovando una convivencia en la que todos y todas somos diversidad.<\/p><p>Si eres una <strong>persona transfronteriza<\/strong> que ha crecido entre pa\u00edses y culturas, viviendo la bendici\u00f3n pero tambi\u00e9n el conflicto de pertenecer a varios lugares, \u00a1nuestra comunidad te espera! Visita <a href=\"http:\/\/transfronteriza.net\/personas\">transfronteriza<\/a> o escr\u00edbenos en el siguiente formulario, <em>zid<\/em> \ud83d\ude42<\/p>\t\t\t\t\t\t\t\t<\/div>\n\t\t\t\t<\/div>\n\t\t\t\t\t<\/div>\n\t\t\t\t<\/section>\n\t\t<div class=\"elementor-element elementor-element-f9f1312 e-flex e-con-boxed e-con e-parent\" data-id=\"f9f1312\" data-element_type=\"container\">\n\t\t\t\t\t<div class=\"e-con-inner\">\n\t\t<div class=\"elementor-element elementor-element-88f4f2c e-con-full e-flex e-con e-child\" data-id=\"88f4f2c\" data-element_type=\"container\">\n\t\t\t\t<div class=\"elementor-element elementor-element-fd94b94 elementor-widget elementor-widget-spacer\" data-id=\"fd94b94\" data-element_type=\"widget\" data-widget_type=\"spacer.default\">\n\t\t\t\t\t\t\t<div class=\"elementor-spacer\">\n\t\t\t<div class=\"elementor-spacer-inner\"><\/div>\n\t\t<\/div>\n\t\t\t\t\t\t<\/div>\n\t\t<div class=\"elementor-element elementor-element-09844e2 e-con-full e-flex e-con e-child\" data-id=\"09844e2\" data-element_type=\"container\">\n\t\t\t\t<div class=\"elementor-element elementor-element-43f849a elementor-align-left elementor-widget elementor-widget-dtr-theme-heading\" data-id=\"43f849a\" data-element_type=\"widget\" data-widget_type=\"dtr-theme-heading.default\">\n\t\t\t\t<div class=\"elementor-widget-container\">\n\t\t\t\t\t            <h2 class=\"dtr-heading dtr-heading__gradient dtr-text--color-three\">Supera tus fronteras.<\/h2>\r\n    \t\t\t\t<\/div>\n\t\t\t\t<\/div>\n\t\t\t\t<div class=\"elementor-element elementor-element-93b17a4 elementor-widget elementor-widget-text-editor\" data-id=\"93b17a4\" data-element_type=\"widget\" data-widget_type=\"text-editor.default\">\n\t\t\t\t\t\t\t\t\t<p>Conecta con comunidades diversas al otro lado de la frontera y vive la experiencia de la unidad humana.<\/p>\t\t\t\t\t\t\t\t<\/div>\n\t\t\t\t<div class=\"elementor-element elementor-element-5b842c1 elementor-widget elementor-widget-dtr-feature\" data-id=\"5b842c1\" data-element_type=\"widget\" data-widget_type=\"dtr-feature.default\">\n\t\t\t\t<div class=\"elementor-widget-container\">\n\t\t\t\t\t        <div class=\"dtr-feature  dtr-feature--style-rounded dtr-feature--icon-vert-align-center dtr-feature--text-left dtr-feature--icon-align-left dtr-feature--size-small \">\r\n            <div class=\"dtr-icon dtr-feature__icon\">\r\n                                 <i class=\"icon-envelope\" aria-hidden=\"true\"><\/i>\r\n                   \r\n            <\/div>\r\n                     <div class=\"dtr-feature__content\">\r\n                          <p class=\"dtr-feature__subtext\">Email<\/p>\r\n                                       <h4 class=\"dtr-feature__heading\">shams@maleno.org<\/h4>\r\n                                                    <\/div>\r\n                <\/div>\r\n\t\t\t\t<\/div>\n\t\t\t\t<\/div>\n\t\t\t\t<div class=\"elementor-element elementor-element-f16599a elementor-widget elementor-widget-dtr-feature\" data-id=\"f16599a\" data-element_type=\"widget\" data-widget_type=\"dtr-feature.default\">\n\t\t\t\t<div class=\"elementor-widget-container\">\n\t\t\t\t\t        <div class=\"dtr-feature  dtr-feature--style-rounded dtr-feature--icon-vert-align-center dtr-feature--text-left dtr-feature--icon-align-left dtr-feature--size-small \">\r\n            <div class=\"dtr-icon dtr-feature__icon\">\r\n                                 <i class=\"icon-chat\" aria-hidden=\"true\"><\/i>\r\n                   \r\n            <\/div>\r\n                     <div class=\"dtr-feature__content\">\r\n                          <p class=\"dtr-feature__subtext\">Instagram<\/p>\r\n                                       <h4 class=\"dtr-feature__heading\">@shamstanjaoui<\/h4>\r\n                                                    <\/div>\r\n                <\/div>\r\n\t\t\t\t<\/div>\n\t\t\t\t<\/div>\n\t\t\t\t<div class=\"elementor-element elementor-element-acf0a10 elementor-widget elementor-widget-dtr-feature\" data-id=\"acf0a10\" data-element_type=\"widget\" data-widget_type=\"dtr-feature.default\">\n\t\t\t\t<div class=\"elementor-widget-container\">\n\t\t\t\t\t        <div class=\"dtr-feature  dtr-feature--style-rounded dtr-feature--icon-vert-align-top dtr-feature--text-left dtr-feature--icon-align-left dtr-feature--size-small \">\r\n            <div class=\"dtr-icon dtr-feature__icon\">\r\n                                 <i class=\"icon-geo-alt\" aria-hidden=\"true\"><\/i>\r\n                   \r\n            <\/div>\r\n                     <div class=\"dtr-feature__content\">\r\n                          <p class=\"dtr-feature__subtext\">Direcci\u00f3n<\/p>\r\n                                       <h4 class=\"dtr-feature__heading\">Estrecho de Gibraltar<\/h4>\r\n                                                    <\/div>\r\n                <\/div>\r\n\t\t\t\t<\/div>\n\t\t\t\t<\/div>\n\t\t\t\t<\/div>\n\t\t\t\t<\/div>\n\t\t<div class=\"elementor-element elementor-element-923fff8 e-con-full e-flex e-con e-child\" data-id=\"923fff8\" data-element_type=\"container\">\n\t\t<div class=\"elementor-element elementor-element-6678ae4 e-con-full e-flex e-con e-child\" data-id=\"6678ae4\" data-element_type=\"container\" data-settings=\"{&quot;background_background&quot;:&quot;classic&quot;}\">\n\t\t\t\t<div class=\"elementor-element elementor-element-9d8d7d0 elementor-widget elementor-widget-shortcode\" data-id=\"9d8d7d0\" data-element_type=\"widget\" data-widget_type=\"shortcode.default\">\n\t\t\t\t\t\t\t<div class=\"elementor-shortcode\">\n<div class=\"wpcf7 no-js\" id=\"wpcf7-f2221-o1\" lang=\"en-US\" dir=\"ltr\" data-wpcf7-id=\"2221\">\n<div class=\"screen-reader-response\"><p role=\"status\" aria-live=\"polite\" aria-atomic=\"true\"><\/p> <ul><\/ul><\/div>\n<form action=\"\/index.php?rest_route=%2Fwp%2Fv2%2Fpages%2F1216#wpcf7-f2221-o1\" method=\"post\" class=\"wpcf7-form init\" aria-label=\"Contact form\" novalidate=\"novalidate\" data-status=\"init\">\n<fieldset class=\"hidden-fields-container\"><input type=\"hidden\" name=\"_wpcf7\" value=\"2221\" \/><input type=\"hidden\" name=\"_wpcf7_version\" value=\"6.1.3\" \/><input type=\"hidden\" name=\"_wpcf7_locale\" value=\"en_US\" \/><input type=\"hidden\" name=\"_wpcf7_unit_tag\" value=\"wpcf7-f2221-o1\" \/><input type=\"hidden\" name=\"_wpcf7_container_post\" value=\"0\" \/><input type=\"hidden\" name=\"_wpcf7_posted_data_hash\" value=\"\" \/>\n<\/fieldset>\n<div>\n\t<p><label> <span class=\"wpcf7-form-control-wrap\" data-name=\"your-name\"><input size=\"40\" maxlength=\"400\" class=\"wpcf7-form-control wpcf7-text wpcf7-validates-as-required\" aria-required=\"true\" aria-invalid=\"false\" placeholder=\"Nombre\" value=\"\" type=\"text\" name=\"your-name\" \/><\/span> <\/label><br \/>\n<label> <span class=\"wpcf7-form-control-wrap\" data-name=\"your-email\"><input size=\"40\" maxlength=\"400\" class=\"wpcf7-form-control wpcf7-email wpcf7-validates-as-required wpcf7-text wpcf7-validates-as-email\" aria-required=\"true\" aria-invalid=\"false\" placeholder=\"hola@ejemplo.com\" value=\"\" type=\"email\" name=\"your-email\" \/><\/span> <\/label><br \/>\n<label> <span class=\"wpcf7-form-control-wrap\" data-name=\"your-subject\"><input size=\"40\" maxlength=\"400\" class=\"wpcf7-form-control wpcf7-text wpcf7-validates-as-required\" aria-required=\"true\" aria-invalid=\"false\" placeholder=\"Asunto\" value=\"\" type=\"text\" name=\"your-subject\" \/><\/span> <\/label><br \/>\n<label> <span class=\"wpcf7-form-control-wrap\" data-name=\"your-message\"><textarea cols=\"10\" rows=\"5\" maxlength=\"2000\" class=\"wpcf7-form-control wpcf7-textarea\" aria-invalid=\"false\" placeholder=\"Mensaje...\" name=\"your-message\"><\/textarea><\/span> <\/label><br \/>\n<span class=\"spacer-20\"><\/span>\n\t<\/p>\n\t<p><button type=\"submit\" class=\"dtr-btn\" aria-label=\"Send Button\">Enviar mensaje<\/button>\n\t<\/p>\n<\/div><div class=\"wpcf7-response-output\" aria-hidden=\"true\"><\/div>\n<\/form>\n<\/div>\n<\/div>\n\t\t\t\t\t\t<\/div>\n\t\t\t\t<\/div>\n\t\t\t\t<\/div>\n\t\t\t\t\t<\/div>\n\t\t\t\t<\/div>\n\t\t<div class=\"elementor-element elementor-element-70b18e7 e-flex e-con-boxed e-con e-parent\" data-id=\"70b18e7\" data-element_type=\"container\">\n\t\t\t\t\t<div class=\"e-con-inner\">\n\t\t\t\t\t<\/div>\n\t\t\t\t<\/div>\n\t\t\t\t<\/div>\n\t\t","protected":false},"excerpt":{"rendered":"<p>Vocaci\u00f3n Realidad transfronteriza en la globalizaci\u00f3n Vivimos en un mundo donde las biograf\u00edas ya no caben en un solo pa\u00eds. La globalizaci\u00f3n ha acelerado este fen\u00f3meno: cada vez m\u00e1s personas y organizaciones se mueven entre dos orillas, dos imaginarios y dos pertenencias que conviven. La distancia entre Marruecos y Espa\u00f1a son tan solo 14 kil\u00f3metros. [&hellip;]<\/p>\n","protected":false},"author":1,"featured_media":0,"parent":0,"menu_order":0,"comment_status":"closed","ping_status":"closed","template":"","meta":{"_monsterinsights_skip_tracking":false,"_monsterinsights_sitenote_active":false,"_monsterinsights_sitenote_note":"","_monsterinsights_sitenote_category":0,"footnotes":""},"class_list":["post-1216","page","type-page","status-publish","hentry"],"aioseo_notices":[],"_links":{"self":[{"href":"https:\/\/maleno.org\/index.php?rest_route=\/wp\/v2\/pages\/1216","targetHints":{"allow":["GET"]}}],"collection":[{"href":"https:\/\/maleno.org\/index.php?rest_route=\/wp\/v2\/pages"}],"about":[{"href":"https:\/\/maleno.org\/index.php?rest_route=\/wp\/v2\/types\/page"}],"author":[{"embeddable":true,"href":"https:\/\/maleno.org\/index.php?rest_route=\/wp\/v2\/users\/1"}],"replies":[{"embeddable":true,"href":"https:\/\/maleno.org\/index.php?rest_route=%2Fwp%2Fv2%2Fcomments&post=1216"}],"version-history":[{"count":31,"href":"https:\/\/maleno.org\/index.php?rest_route=\/wp\/v2\/pages\/1216\/revisions"}],"predecessor-version":[{"id":2785,"href":"https:\/\/maleno.org\/index.php?rest_route=\/wp\/v2\/pages\/1216\/revisions\/2785"}],"wp:attachment":[{"href":"https:\/\/maleno.org\/index.php?rest_route=%2Fwp%2Fv2%2Fmedia&parent=1216"}],"curies":[{"name":"wp","href":"https:\/\/api.w.org\/{rel}","templated":true}]}}