{"id":1324,"date":"2024-08-10T21:02:44","date_gmt":"2024-08-10T15:32:44","guid":{"rendered":"https:\/\/olyve.tanshcreative.com\/?page_id=1324"},"modified":"2025-10-18T23:09:59","modified_gmt":"2025-10-18T23:09:59","slug":"tecnologia","status":"publish","type":"page","link":"https:\/\/maleno.org\/?page_id=1324","title":{"rendered":"Tecnolog\u00eda"},"content":{"rendered":"\t\t<div data-elementor-type=\"wp-page\" data-elementor-id=\"1324\" class=\"elementor elementor-1324\" data-elementor-post-type=\"page\">\n\t\t\t\t<section class=\"elementor-element elementor-element-2221451a e-flex e-con-boxed e-con e-parent\" data-id=\"2221451a\" data-element_type=\"container\">\n\t\t\t\t\t<div class=\"e-con-inner\">\n\t\t<div class=\"elementor-element elementor-element-66bf88c4 e-con-full e-flex e-con e-child\" data-id=\"66bf88c4\" data-element_type=\"container\">\n\t\t<div class=\"elementor-element elementor-element-518721ff e-con-full e-flex e-con e-child\" data-id=\"518721ff\" data-element_type=\"container\" data-settings=\"{&quot;background_background&quot;:&quot;classic&quot;}\">\n\t\t\t\t<div class=\"elementor-element elementor-element-6a15a497 elementor-align-left elementor-widget elementor-widget-dtr-theme-heading\" data-id=\"6a15a497\" data-element_type=\"widget\" data-widget_type=\"dtr-theme-heading.default\">\n\t\t\t\t<div class=\"elementor-widget-container\">\n\t\t\t\t\t            <h4 class=\"dtr-heading dtr-heading__default dtr-text--color-three\">Vocaci\u00f3n<\/h4>\r\n    \t\t\t\t<\/div>\n\t\t\t\t<\/div>\n\t\t\t\t<div class=\"elementor-element elementor-element-6b363245 elementor-widget elementor-widget-spacer\" data-id=\"6b363245\" data-element_type=\"widget\" data-widget_type=\"spacer.default\">\n\t\t\t\t\t\t\t<div class=\"elementor-spacer\">\n\t\t\t<div class=\"elementor-spacer-inner\"><\/div>\n\t\t<\/div>\n\t\t\t\t\t\t<\/div>\n\t\t\t\t<div class=\"elementor-element elementor-element-25ab3b04 elementor-widget elementor-widget-wp-widget-nav_menu\" data-id=\"25ab3b04\" data-element_type=\"widget\" data-widget_type=\"wp-widget-nav_menu.default\">\n\t\t\t\t<div class=\"elementor-widget-container\">\n\t\t\t\t\t<nav class=\"menu-services-menu-container\" aria-label=\"Men\u00fa\"><ul id=\"menu-services-menu\" class=\"menu\"><li id=\"menu-item-1340\" class=\"menu-item menu-item-type-post_type menu-item-object-page menu-item-1340\"><a href=\"https:\/\/maleno.org\/?page_id=1216\">Transculturalidad<\/a><\/li>\n<li id=\"menu-item-1339\" class=\"menu-item menu-item-type-post_type menu-item-object-page menu-item-1339\"><a href=\"https:\/\/maleno.org\/?page_id=1324\">Tecnolog\u00eda<\/a><\/li>\n<li id=\"menu-item-1338\" class=\"menu-item menu-item-type-post_type menu-item-object-page menu-item-1338\"><a href=\"https:\/\/maleno.org\/?page_id=1328\">Espiritualidades<\/a><\/li>\n<li id=\"menu-item-1337\" class=\"menu-item menu-item-type-post_type menu-item-object-page menu-item-1337\"><a href=\"https:\/\/maleno.org\/?page_id=1332\">Sostenibilidad<\/a><\/li>\n<\/ul><\/nav>\t\t\t\t<\/div>\n\t\t\t\t<\/div>\n\t\t\t\t<\/div>\n\t\t\t\t<\/div>\n\t\t<div class=\"elementor-element elementor-element-2e547df1 e-con-full e-flex e-con e-child\" data-id=\"2e547df1\" data-element_type=\"container\">\n\t\t\t\t<div class=\"elementor-element elementor-element-54bdf1b7 elementor-widget elementor-widget-image\" data-id=\"54bdf1b7\" data-element_type=\"widget\" data-widget_type=\"image.default\">\n\t\t\t\t\t\t\t\t\t\t\t\t\t\t\t<img decoding=\"async\" src=\"https:\/\/maleno.org\/wp-content\/uploads\/2025\/09\/tanja-libre-1-e1759147907737.png\" title=\"tanja libre\" alt=\"tanja libre\" loading=\"lazy\" \/>\t\t\t\t\t\t\t\t\t\t\t\t\t\t\t<\/div>\n\t\t\t\t<div class=\"elementor-element elementor-element-dca06f5 elementor-align-left elementor-widget elementor-widget-dtr-theme-heading\" data-id=\"dca06f5\" data-element_type=\"widget\" data-widget_type=\"dtr-theme-heading.default\">\n\t\t\t\t<div class=\"elementor-widget-container\">\n\t\t\t\t\t            <h3 class=\"dtr-heading dtr-heading__default dtr-text--color-three\">Por una vida digital \u00e9tica y humana<\/h3>\r\n    \t\t\t\t<\/div>\n\t\t\t\t<\/div>\n\t\t\t\t<div class=\"elementor-element elementor-element-6e352d42 elementor-widget elementor-widget-text-editor\" data-id=\"6e352d42\" data-element_type=\"widget\" data-widget_type=\"text-editor.default\">\n\t\t\t\t\t\t\t\t\t<p>La <strong>internet<\/strong> es una infraestructura vital para nuestra existencia. Los tel\u00e9fonos, las redes sociales o la <strong>inteligencia articificial<\/strong> son nuestra rutina. Sin embargo, la comunicaci\u00f3n se ha <strong>infectado<\/strong> de anuncios, <em>fake news<\/em>, algoritmos enga\u00f1osos, estafas y odio en las redes.<\/p><p>Podemos <strong>salvar<\/strong> nuestra vida digital construyendo con herramientas \u00e9ticas. El dise\u00f1o de <strong>territorios digitales libres<\/strong>, abiertos y soberanos nos permite comunicarnos como humanos desde la igualdad, el respeto y el amor.\u00a0<\/p>\t\t\t\t\t\t\t\t<\/div>\n\t\t\t\t<div class=\"elementor-element elementor-element-47caf105 elementor-widget elementor-widget-heading\" data-id=\"47caf105\" data-element_type=\"widget\" data-widget_type=\"heading.default\">\n\t\t\t\t\t<h5 class=\"elementor-heading-title elementor-size-default\">Como trabajo la tecnolog\u00eda<\/h5>\t\t\t\t<\/div>\n\t\t\t\t<div class=\"elementor-element elementor-element-5e076256 elementor-widget elementor-widget-dtr-iconhead\" data-id=\"5e076256\" data-element_type=\"widget\" data-widget_type=\"dtr-iconhead.default\">\n\t\t\t\t<div class=\"elementor-widget-container\">\n\t\t\t\t\t        <div class=\"dtr-iconhead dtr-iconhead--align-left dtr-iconhead--style-default  dtr-radius--round\">\r\n        <div class=\"dtr-icon dtr-iconhead__icon\">\r\n                                 <i class=\"icon-award-fill\" aria-hidden=\"true\"><\/i>\r\n                   \r\n            <\/div>\r\n                        \t<p class=\"dtr-iconhead__heading\">Comunicaci\u00f3n social de impacto<\/p>\r\n                        <\/div>\r\n\t\t\t\t<\/div>\n\t\t\t\t<\/div>\n\t\t\t\t<div class=\"elementor-element elementor-element-6ade9fc1 elementor-widget elementor-widget-text-editor\" data-id=\"6ade9fc1\" data-element_type=\"widget\" data-widget_type=\"text-editor.default\">\n\t\t\t\t\t\t\t\t\t<p>Actualmente, la <strong>comunicaci\u00f3n digital<\/strong> es necesaria para cualquier organizaci\u00f3n o profesional. Existe una f\u00f3rmula precocinada y pasiva de abrir una <strong>web<\/strong> o lanzar una <strong>campa\u00f1a<\/strong>, y una alternativa <strong>\u00e9tica y consciente<\/strong> de hacerlo. Dise\u00f1o tu\u00a0<strong>presencia digital<\/strong> mediante herramientas libres y abiertas.<\/p>\t\t\t\t\t\t\t\t<\/div>\n\t\t\t\t<div class=\"elementor-element elementor-element-74dba10 elementor-widget elementor-widget-dtr-iconhead\" data-id=\"74dba10\" data-element_type=\"widget\" data-widget_type=\"dtr-iconhead.default\">\n\t\t\t\t<div class=\"elementor-widget-container\">\n\t\t\t\t\t        <div class=\"dtr-iconhead dtr-iconhead--align-left dtr-iconhead--style-default  dtr-radius--round\">\r\n        <div class=\"dtr-icon dtr-iconhead__icon\">\r\n                                 <i class=\"icon-wrench-adjustable\" aria-hidden=\"true\"><\/i>\r\n                   \r\n            <\/div>\r\n                        \t<p class=\"dtr-iconhead__heading\">Formaci\u00f3n en tecnolog\u00edas libres y abiertas<\/p>\r\n                        <\/div>\r\n\t\t\t\t<\/div>\n\t\t\t\t<\/div>\n\t\t\t\t<div class=\"elementor-element elementor-element-72d4128b elementor-widget elementor-widget-text-editor\" data-id=\"72d4128b\" data-element_type=\"widget\" data-widget_type=\"text-editor.default\">\n\t\t\t\t\t\t\t\t\t<p>Aprendamos a hacer una transici\u00f3n digital \u00e9tica. La <em>IA, <\/em>la nube, el c\u00f3digo, el algoritmo, los datos&#8230; F\u00f3rmate en las herramientas alternativas a las grandes tecnol\u00f3gicas que controlan el mundo y <strong>construye un futuro de Software Libre y C\u00f3digo Abierto.<\/strong><\/p>\t\t\t\t\t\t\t\t<\/div>\n\t\t\t\t<div class=\"elementor-element elementor-element-7b9b05a6 elementor-widget elementor-widget-dtr-iconhead\" data-id=\"7b9b05a6\" data-element_type=\"widget\" data-widget_type=\"dtr-iconhead.default\">\n\t\t\t\t<div class=\"elementor-widget-container\">\n\t\t\t\t\t        <div class=\"dtr-iconhead dtr-iconhead--align-left dtr-iconhead--style-default  dtr-radius--round\">\r\n        <div class=\"dtr-icon dtr-iconhead__icon\">\r\n                                 <i class=\"icon-cloud-arrow-up-fill\" aria-hidden=\"true\"><\/i>\r\n                   \r\n            <\/div>\r\n                        \t<p class=\"dtr-iconhead__heading\">Digitalizaci\u00f3n integral con derechos humanos<\/p>\r\n                        <\/div>\r\n\t\t\t\t<\/div>\n\t\t\t\t<\/div>\n\t\t\t\t<div class=\"elementor-element elementor-element-4f3debbf elementor-widget elementor-widget-text-editor\" data-id=\"4f3debbf\" data-element_type=\"widget\" data-widget_type=\"text-editor.default\">\n\t\t\t\t\t\t\t\t\t<p>Si llevas tiempo queriendo dar un salto cualitativo en tu sistema digital para incorporar herramientas innovadoras con un fuerte enfoque ecol\u00f3gico y de derechos humanos, \u00a1transita a la tecnolog\u00eda libre y abierta! Dise\u00f1amos tu sistema para flujos de trabajo \u00e1giles y \u00e9ticos.\u00a0<\/p>\t\t\t\t\t\t\t\t<\/div>\n\t\t\t\t<\/div>\n\t\t\t\t\t<\/div>\n\t\t\t\t<\/section>\n\t\t<div class=\"elementor-element elementor-element-6b5fac9 e-flex e-con-boxed e-con e-parent\" data-id=\"6b5fac9\" data-element_type=\"container\">\n\t\t\t\t\t<div class=\"e-con-inner\">\n\t\t<div class=\"elementor-element elementor-element-dff9b59 e-con-full e-flex e-con e-child\" data-id=\"dff9b59\" data-element_type=\"container\">\n\t\t\t\t<div class=\"elementor-element elementor-element-e9c2df7 elementor-widget elementor-widget-spacer\" data-id=\"e9c2df7\" data-element_type=\"widget\" data-widget_type=\"spacer.default\">\n\t\t\t\t\t\t\t<div class=\"elementor-spacer\">\n\t\t\t<div class=\"elementor-spacer-inner\"><\/div>\n\t\t<\/div>\n\t\t\t\t\t\t<\/div>\n\t\t<div class=\"elementor-element elementor-element-64ce732 e-con-full e-flex e-con e-child\" data-id=\"64ce732\" data-element_type=\"container\">\n\t\t\t\t<div class=\"elementor-element elementor-element-b108240 elementor-align-left elementor-widget elementor-widget-dtr-theme-heading\" data-id=\"b108240\" data-element_type=\"widget\" data-widget_type=\"dtr-theme-heading.default\">\n\t\t\t\t<div class=\"elementor-widget-container\">\n\t\t\t\t\t            <h2 class=\"dtr-heading dtr-heading__gradient dtr-text--color-three\">Libera tu vida digital.<\/h2>\r\n    \t\t\t\t<\/div>\n\t\t\t\t<\/div>\n\t\t\t\t<div class=\"elementor-element elementor-element-f6e7de1 elementor-widget elementor-widget-text-editor\" data-id=\"f6e7de1\" data-element_type=\"widget\" data-widget_type=\"text-editor.default\">\n\t\t\t\t\t\t\t\t\t<p>Reinventa tu presencia online, f\u00f3rmate en \u00e9tica tecnol\u00f3gica o digitaliza con humanidad tu organizaci\u00f3n.<\/p>\t\t\t\t\t\t\t\t<\/div>\n\t\t\t\t<div class=\"elementor-element elementor-element-5e5e982 elementor-widget elementor-widget-dtr-feature\" data-id=\"5e5e982\" data-element_type=\"widget\" data-widget_type=\"dtr-feature.default\">\n\t\t\t\t<div class=\"elementor-widget-container\">\n\t\t\t\t\t        <div class=\"dtr-feature  dtr-feature--style-rounded dtr-feature--icon-vert-align-center dtr-feature--text-left dtr-feature--icon-align-left dtr-feature--size-small \">\r\n            <div class=\"dtr-icon dtr-feature__icon\">\r\n                                 <i class=\"icon-envelope\" aria-hidden=\"true\"><\/i>\r\n                   \r\n            <\/div>\r\n                     <div class=\"dtr-feature__content\">\r\n                          <p class=\"dtr-feature__subtext\">Email<\/p>\r\n                                       <h4 class=\"dtr-feature__heading\">shams@maleno.org<\/h4>\r\n                                                    <\/div>\r\n                <\/div>\r\n\t\t\t\t<\/div>\n\t\t\t\t<\/div>\n\t\t\t\t<div class=\"elementor-element elementor-element-7738d53 elementor-widget elementor-widget-dtr-feature\" data-id=\"7738d53\" data-element_type=\"widget\" data-widget_type=\"dtr-feature.default\">\n\t\t\t\t<div class=\"elementor-widget-container\">\n\t\t\t\t\t        <div class=\"dtr-feature  dtr-feature--style-rounded dtr-feature--icon-vert-align-center dtr-feature--text-left dtr-feature--icon-align-left dtr-feature--size-small \">\r\n            <div class=\"dtr-icon dtr-feature__icon\">\r\n                                 <i class=\"icon-chat\" aria-hidden=\"true\"><\/i>\r\n                   \r\n            <\/div>\r\n                     <div class=\"dtr-feature__content\">\r\n                          <p class=\"dtr-feature__subtext\">Instagram<\/p>\r\n                                       <h4 class=\"dtr-feature__heading\">@shamstanjaoui<\/h4>\r\n                                                    <\/div>\r\n                <\/div>\r\n\t\t\t\t<\/div>\n\t\t\t\t<\/div>\n\t\t\t\t<div class=\"elementor-element elementor-element-2abe1d3 elementor-widget elementor-widget-dtr-feature\" data-id=\"2abe1d3\" data-element_type=\"widget\" data-widget_type=\"dtr-feature.default\">\n\t\t\t\t<div class=\"elementor-widget-container\">\n\t\t\t\t\t        <div class=\"dtr-feature  dtr-feature--style-rounded dtr-feature--icon-vert-align-top dtr-feature--text-left dtr-feature--icon-align-left dtr-feature--size-small \">\r\n            <div class=\"dtr-icon dtr-feature__icon\">\r\n                                 <i class=\"icon-geo-alt\" aria-hidden=\"true\"><\/i>\r\n                   \r\n            <\/div>\r\n                     <div class=\"dtr-feature__content\">\r\n                          <p class=\"dtr-feature__subtext\">Direcci\u00f3n<\/p>\r\n                                       <h4 class=\"dtr-feature__heading\">Estrecho de Gibraltar<\/h4>\r\n                                                    <\/div>\r\n                <\/div>\r\n\t\t\t\t<\/div>\n\t\t\t\t<\/div>\n\t\t\t\t<\/div>\n\t\t\t\t<\/div>\n\t\t<div class=\"elementor-element elementor-element-28c162e e-con-full e-flex e-con e-child\" data-id=\"28c162e\" data-element_type=\"container\">\n\t\t<div class=\"elementor-element elementor-element-5a2bc66 e-con-full e-flex e-con e-child\" data-id=\"5a2bc66\" data-element_type=\"container\" data-settings=\"{&quot;background_background&quot;:&quot;classic&quot;}\">\n\t\t\t\t<div class=\"elementor-element elementor-element-605e31e elementor-widget elementor-widget-shortcode\" data-id=\"605e31e\" data-element_type=\"widget\" data-widget_type=\"shortcode.default\">\n\t\t\t\t\t\t\t<div class=\"elementor-shortcode\">\n<div class=\"wpcf7 no-js\" id=\"wpcf7-f2221-o1\" lang=\"en-US\" dir=\"ltr\" data-wpcf7-id=\"2221\">\n<div class=\"screen-reader-response\"><p role=\"status\" aria-live=\"polite\" aria-atomic=\"true\"><\/p> <ul><\/ul><\/div>\n<form action=\"\/index.php?rest_route=%2Fwp%2Fv2%2Fpages%2F1324#wpcf7-f2221-o1\" method=\"post\" class=\"wpcf7-form init\" aria-label=\"Contact form\" novalidate=\"novalidate\" data-status=\"init\">\n<fieldset class=\"hidden-fields-container\"><input type=\"hidden\" name=\"_wpcf7\" value=\"2221\" \/><input type=\"hidden\" name=\"_wpcf7_version\" value=\"6.1.3\" \/><input type=\"hidden\" name=\"_wpcf7_locale\" value=\"en_US\" \/><input type=\"hidden\" name=\"_wpcf7_unit_tag\" value=\"wpcf7-f2221-o1\" \/><input type=\"hidden\" name=\"_wpcf7_container_post\" value=\"0\" \/><input type=\"hidden\" name=\"_wpcf7_posted_data_hash\" value=\"\" \/>\n<\/fieldset>\n<div>\n\t<p><label> <span class=\"wpcf7-form-control-wrap\" data-name=\"your-name\"><input size=\"40\" maxlength=\"400\" class=\"wpcf7-form-control wpcf7-text wpcf7-validates-as-required\" aria-required=\"true\" aria-invalid=\"false\" placeholder=\"Nombre\" value=\"\" type=\"text\" name=\"your-name\" \/><\/span> <\/label><br \/>\n<label> <span class=\"wpcf7-form-control-wrap\" data-name=\"your-email\"><input size=\"40\" maxlength=\"400\" class=\"wpcf7-form-control wpcf7-email wpcf7-validates-as-required wpcf7-text wpcf7-validates-as-email\" aria-required=\"true\" aria-invalid=\"false\" placeholder=\"hola@ejemplo.com\" value=\"\" type=\"email\" name=\"your-email\" \/><\/span> <\/label><br \/>\n<label> <span class=\"wpcf7-form-control-wrap\" data-name=\"your-subject\"><input size=\"40\" maxlength=\"400\" class=\"wpcf7-form-control wpcf7-text wpcf7-validates-as-required\" aria-required=\"true\" aria-invalid=\"false\" placeholder=\"Asunto\" value=\"\" type=\"text\" name=\"your-subject\" \/><\/span> <\/label><br \/>\n<label> <span class=\"wpcf7-form-control-wrap\" data-name=\"your-message\"><textarea cols=\"10\" rows=\"5\" maxlength=\"2000\" class=\"wpcf7-form-control wpcf7-textarea\" aria-invalid=\"false\" placeholder=\"Mensaje...\" name=\"your-message\"><\/textarea><\/span> <\/label><br \/>\n<span class=\"spacer-20\"><\/span>\n\t<\/p>\n\t<p><button type=\"submit\" class=\"dtr-btn\" aria-label=\"Send Button\">Enviar mensaje<\/button>\n\t<\/p>\n<\/div><div class=\"wpcf7-response-output\" aria-hidden=\"true\"><\/div>\n<\/form>\n<\/div>\n<\/div>\n\t\t\t\t\t\t<\/div>\n\t\t\t\t<\/div>\n\t\t\t\t<\/div>\n\t\t\t\t\t<\/div>\n\t\t\t\t<\/div>\n\t\t\t\t<\/div>\n\t\t","protected":false},"excerpt":{"rendered":"<p>Vocaci\u00f3n Por una vida digital \u00e9tica y humana La internet es una infraestructura vital para nuestra existencia. Los tel\u00e9fonos, las redes sociales o la inteligencia articificial son nuestra rutina. Sin embargo, la comunicaci\u00f3n se ha infectado de anuncios, fake news, algoritmos enga\u00f1osos, estafas y odio en las redes. Podemos salvar nuestra vida digital construyendo con [&hellip;]<\/p>\n","protected":false},"author":1,"featured_media":0,"parent":0,"menu_order":0,"comment_status":"closed","ping_status":"closed","template":"","meta":{"_monsterinsights_skip_tracking":false,"_monsterinsights_sitenote_active":false,"_monsterinsights_sitenote_note":"","_monsterinsights_sitenote_category":0,"footnotes":""},"class_list":["post-1324","page","type-page","status-publish","hentry"],"aioseo_notices":[],"_links":{"self":[{"href":"https:\/\/maleno.org\/index.php?rest_route=\/wp\/v2\/pages\/1324","targetHints":{"allow":["GET"]}}],"collection":[{"href":"https:\/\/maleno.org\/index.php?rest_route=\/wp\/v2\/pages"}],"about":[{"href":"https:\/\/maleno.org\/index.php?rest_route=\/wp\/v2\/types\/page"}],"author":[{"embeddable":true,"href":"https:\/\/maleno.org\/index.php?rest_route=\/wp\/v2\/users\/1"}],"replies":[{"embeddable":true,"href":"https:\/\/maleno.org\/index.php?rest_route=%2Fwp%2Fv2%2Fcomments&post=1324"}],"version-history":[{"count":31,"href":"https:\/\/maleno.org\/index.php?rest_route=\/wp\/v2\/pages\/1324\/revisions"}],"predecessor-version":[{"id":2646,"href":"https:\/\/maleno.org\/index.php?rest_route=\/wp\/v2\/pages\/1324\/revisions\/2646"}],"wp:attachment":[{"href":"https:\/\/maleno.org\/index.php?rest_route=%2Fwp%2Fv2%2Fmedia&parent=1324"}],"curies":[{"name":"wp","href":"https:\/\/api.w.org\/{rel}","templated":true}]}}