{"id":1332,"date":"2024-08-10T21:03:31","date_gmt":"2024-08-10T15:33:31","guid":{"rendered":"https:\/\/olyve.tanshcreative.com\/?page_id=1332"},"modified":"2025-09-30T12:09:39","modified_gmt":"2025-09-30T12:09:39","slug":"sostenibilidad","status":"publish","type":"page","link":"https:\/\/maleno.org\/?page_id=1332","title":{"rendered":"Sostenibilidad"},"content":{"rendered":"\t\t<div data-elementor-type=\"wp-page\" data-elementor-id=\"1332\" class=\"elementor elementor-1332\" data-elementor-post-type=\"page\">\n\t\t\t\t<section class=\"elementor-element elementor-element-4953320 e-flex e-con-boxed e-con e-parent\" data-id=\"4953320\" data-element_type=\"container\">\n\t\t\t\t\t<div class=\"e-con-inner\">\n\t\t<div class=\"elementor-element elementor-element-76bdaa9 e-con-full e-flex e-con e-child\" data-id=\"76bdaa9\" data-element_type=\"container\">\n\t\t<div class=\"elementor-element elementor-element-6261e6b e-con-full e-flex e-con e-child\" data-id=\"6261e6b\" data-element_type=\"container\" data-settings=\"{&quot;background_background&quot;:&quot;classic&quot;}\">\n\t\t\t\t<div class=\"elementor-element elementor-element-81872b2 elementor-align-left elementor-widget elementor-widget-dtr-theme-heading\" data-id=\"81872b2\" data-element_type=\"widget\" data-widget_type=\"dtr-theme-heading.default\">\n\t\t\t\t<div class=\"elementor-widget-container\">\n\t\t\t\t\t            <h4 class=\"dtr-heading dtr-heading__default dtr-text--color-three\">Vocaci\u00f3n<\/h4>\r\n    \t\t\t\t<\/div>\n\t\t\t\t<\/div>\n\t\t\t\t<div class=\"elementor-element elementor-element-7d12853 elementor-widget elementor-widget-spacer\" data-id=\"7d12853\" data-element_type=\"widget\" data-widget_type=\"spacer.default\">\n\t\t\t\t\t\t\t<div class=\"elementor-spacer\">\n\t\t\t<div class=\"elementor-spacer-inner\"><\/div>\n\t\t<\/div>\n\t\t\t\t\t\t<\/div>\n\t\t\t\t<div class=\"elementor-element elementor-element-d3a4845 elementor-widget elementor-widget-wp-widget-nav_menu\" data-id=\"d3a4845\" data-element_type=\"widget\" data-widget_type=\"wp-widget-nav_menu.default\">\n\t\t\t\t<div class=\"elementor-widget-container\">\n\t\t\t\t\t<nav class=\"menu-services-menu-container\" aria-label=\"Men\u00fa\"><ul id=\"menu-services-menu\" class=\"menu\"><li id=\"menu-item-1340\" class=\"menu-item menu-item-type-post_type menu-item-object-page menu-item-1340\"><a href=\"https:\/\/maleno.org\/?page_id=1216\">Transculturalidad<\/a><\/li>\n<li id=\"menu-item-1339\" class=\"menu-item menu-item-type-post_type menu-item-object-page menu-item-1339\"><a href=\"https:\/\/maleno.org\/?page_id=1324\">Tecnolog\u00eda<\/a><\/li>\n<li id=\"menu-item-1338\" class=\"menu-item menu-item-type-post_type menu-item-object-page menu-item-1338\"><a href=\"https:\/\/maleno.org\/?page_id=1328\">Espiritualidades<\/a><\/li>\n<li id=\"menu-item-1337\" class=\"menu-item menu-item-type-post_type menu-item-object-page menu-item-1337\"><a href=\"https:\/\/maleno.org\/?page_id=1332\">Sostenibilidad<\/a><\/li>\n<\/ul><\/nav>\t\t\t\t<\/div>\n\t\t\t\t<\/div>\n\t\t\t\t<\/div>\n\t\t\t\t<\/div>\n\t\t<div class=\"elementor-element elementor-element-d59c28f e-con-full e-flex e-con e-child\" data-id=\"d59c28f\" data-element_type=\"container\">\n\t\t\t\t<div class=\"elementor-element elementor-element-1a4b203 elementor-widget elementor-widget-image\" data-id=\"1a4b203\" data-element_type=\"widget\" data-widget_type=\"image.default\">\n\t\t\t\t\t\t\t\t\t\t\t\t\t\t\t<img decoding=\"async\" src=\"https:\/\/maleno.org\/wp-content\/uploads\/2025\/09\/signal-2025-01-20-114232_004.jpeg\" title=\"signal-2025-01-20-114232_004\" alt=\"signal-2025-01-20-114232_004\" loading=\"lazy\" \/>\t\t\t\t\t\t\t\t\t\t\t\t\t\t\t<\/div>\n\t\t\t\t<div class=\"elementor-element elementor-element-8ebbf28 elementor-align-left elementor-widget elementor-widget-dtr-theme-heading\" data-id=\"8ebbf28\" data-element_type=\"widget\" data-widget_type=\"dtr-theme-heading.default\">\n\t\t\t\t<div class=\"elementor-widget-container\">\n\t\t\t\t\t            <h3 class=\"dtr-heading dtr-heading__default dtr-text--color-three\">Transici\u00f3n ecol\u00f3gica al alcance<\/h3>\r\n    \t\t\t\t<\/div>\n\t\t\t\t<\/div>\n\t\t\t\t<div class=\"elementor-element elementor-element-fbf14cd elementor-widget elementor-widget-text-editor\" data-id=\"fbf14cd\" data-element_type=\"widget\" data-widget_type=\"text-editor.default\">\n\t\t\t\t\t\t\t\t\t<p>La Tierra ha dicho <em>basta<\/em> a nuestra forma de vivir en ella. La <strong>crisis clim\u00e1tica<\/strong> es un aviso para hacernos regresar a una vida consciente y delicada. En esa urgencia de ideas bellas, hay tambi\u00e9n una <strong>realidad operativa<\/strong> de la que hacernos cargo en toda organizaci\u00f3n.\u00a0<\/p>\t\t\t\t\t\t\t\t<\/div>\n\t\t\t\t<div class=\"elementor-element elementor-element-f8c4d51 elementor-widget elementor-widget-heading\" data-id=\"f8c4d51\" data-element_type=\"widget\" data-widget_type=\"heading.default\">\n\t\t\t\t\t<h5 class=\"elementor-heading-title elementor-size-default\">C\u00f3mo trabajo la sostenibilidad<\/h5>\t\t\t\t<\/div>\n\t\t\t\t<div class=\"elementor-element elementor-element-afe71f5 elementor-widget elementor-widget-dtr-iconhead\" data-id=\"afe71f5\" data-element_type=\"widget\" data-widget_type=\"dtr-iconhead.default\">\n\t\t\t\t<div class=\"elementor-widget-container\">\n\t\t\t\t\t        <div class=\"dtr-iconhead dtr-iconhead--align-left dtr-iconhead--style-default  dtr-radius--round\">\r\n        <div class=\"dtr-icon dtr-iconhead__icon\">\r\n                                 <i class=\"icon-rulers\" aria-hidden=\"true\"><\/i>\r\n                   \r\n            <\/div>\r\n                        \t<p class=\"dtr-iconhead__heading\">Evaluaci\u00f3n de impacto ambiental<\/p>\r\n                        <\/div>\r\n\t\t\t\t<\/div>\n\t\t\t\t<\/div>\n\t\t\t\t<div class=\"elementor-element elementor-element-3aecaad elementor-widget elementor-widget-text-editor\" data-id=\"3aecaad\" data-element_type=\"widget\" data-widget_type=\"text-editor.default\">\n\t\t\t\t\t\t\t\t\t<p>Realizamos un <strong>diagn\u00f3stico<\/strong> para determinar las emisiones GEI (Gases Efecto Invernadero), el consumo de recursos naturales, la circularidad de residuos y la relaci\u00f3n actividad-ecosistemas. Un primer paso para transformar el impacto ambiental de tu organizaci\u00f3n.\u00a0<\/p>\t\t\t\t\t\t\t\t<\/div>\n\t\t\t\t<div class=\"elementor-element elementor-element-9e5fe41 elementor-widget elementor-widget-dtr-iconhead\" data-id=\"9e5fe41\" data-element_type=\"widget\" data-widget_type=\"dtr-iconhead.default\">\n\t\t\t\t<div class=\"elementor-widget-container\">\n\t\t\t\t\t        <div class=\"dtr-iconhead dtr-iconhead--align-left dtr-iconhead--style-default  dtr-radius--round\">\r\n        <div class=\"dtr-icon dtr-iconhead__icon\">\r\n                                 <i class=\"icon-sliders\" aria-hidden=\"true\"><\/i>\r\n                   \r\n            <\/div>\r\n                        \t<p class=\"dtr-iconhead__heading\">Capacitaci\u00f3n sostenible<\/p>\r\n                        <\/div>\r\n\t\t\t\t<\/div>\n\t\t\t\t<\/div>\n\t\t\t\t<div class=\"elementor-element elementor-element-c7d29cc elementor-widget elementor-widget-text-editor\" data-id=\"c7d29cc\" data-element_type=\"widget\" data-widget_type=\"text-editor.default\">\n\t\t\t\t\t\t\t\t\t<p>Los equipos deben <strong>integrar<\/strong> con profundidad la <strong>filosof\u00eda<\/strong> sostenible para impulsar el cambio a medio plazo. La capacitaci\u00f3n en sostenbilidad permite implementar una estrategia integral con consciencia colectiva y\u00a0<em>savoir faire<\/em>.<\/p>\t\t\t\t\t\t\t\t<\/div>\n\t\t\t\t<div class=\"elementor-element elementor-element-d5d6551 elementor-widget elementor-widget-dtr-iconhead\" data-id=\"d5d6551\" data-element_type=\"widget\" data-widget_type=\"dtr-iconhead.default\">\n\t\t\t\t<div class=\"elementor-widget-container\">\n\t\t\t\t\t        <div class=\"dtr-iconhead dtr-iconhead--align-left dtr-iconhead--style-default  dtr-radius--round\">\r\n        <div class=\"dtr-icon dtr-iconhead__icon\">\r\n                                 <i class=\"icon-globe\" aria-hidden=\"true\"><\/i>\r\n                   \r\n            <\/div>\r\n                        \t<p class=\"dtr-iconhead__heading\">Estrategia integral de sostenibilidad<\/p>\r\n                        <\/div>\r\n\t\t\t\t<\/div>\n\t\t\t\t<\/div>\n\t\t\t\t<div class=\"elementor-element elementor-element-be14715 elementor-widget elementor-widget-text-editor\" data-id=\"be14715\" data-element_type=\"widget\" data-widget_type=\"text-editor.default\">\n\t\t\t\t\t\t\t\t\t<p>La <strong>transformaci\u00f3n verde<\/strong> de tu organizaci\u00f3n solo puede hacerse con sentido <strong>estrat\u00e9gico<\/strong>. La maquinaria de departamentos y flujos de trabajo incorpora premisas sostenibles en base a objetivos, actividades y resultados.\u00a0<\/p><p>Si deseas iniciar el camino, escr\u00edbenos en el formulario inferior.\u00a0<\/p>\t\t\t\t\t\t\t\t<\/div>\n\t\t\t\t<\/div>\n\t\t\t\t\t<\/div>\n\t\t\t\t<\/section>\n\t\t<div class=\"elementor-element elementor-element-8782062 e-flex e-con-boxed e-con e-parent\" data-id=\"8782062\" data-element_type=\"container\">\n\t\t\t\t\t<div class=\"e-con-inner\">\n\t\t<div class=\"elementor-element elementor-element-d98a38e e-con-full e-flex e-con e-child\" data-id=\"d98a38e\" data-element_type=\"container\">\n\t\t\t\t<div class=\"elementor-element elementor-element-6783565 elementor-widget elementor-widget-spacer\" data-id=\"6783565\" data-element_type=\"widget\" data-widget_type=\"spacer.default\">\n\t\t\t\t\t\t\t<div class=\"elementor-spacer\">\n\t\t\t<div class=\"elementor-spacer-inner\"><\/div>\n\t\t<\/div>\n\t\t\t\t\t\t<\/div>\n\t\t<div class=\"elementor-element elementor-element-3baf232 e-con-full e-flex e-con e-child\" data-id=\"3baf232\" data-element_type=\"container\">\n\t\t\t\t<div class=\"elementor-element elementor-element-adb00e9 elementor-align-left elementor-widget elementor-widget-dtr-theme-heading\" data-id=\"adb00e9\" data-element_type=\"widget\" data-widget_type=\"dtr-theme-heading.default\">\n\t\t\t\t<div class=\"elementor-widget-container\">\n\t\t\t\t\t            <h2 class=\"dtr-heading dtr-heading__gradient dtr-text--color-three\">Hazlo sostenible.<\/h2>\r\n    \t\t\t\t<\/div>\n\t\t\t\t<\/div>\n\t\t\t\t<div class=\"elementor-element elementor-element-ff9860e elementor-widget elementor-widget-text-editor\" data-id=\"ff9860e\" data-element_type=\"widget\" data-widget_type=\"text-editor.default\">\n\t\t\t\t\t\t\t\t\t<p>Conoce tu impacto ambiental, capacita a los equipos en sostenibilidad e implementa una estrategia para el cambio.<\/p>\t\t\t\t\t\t\t\t<\/div>\n\t\t\t\t<div class=\"elementor-element elementor-element-046aa1b elementor-widget elementor-widget-dtr-feature\" data-id=\"046aa1b\" data-element_type=\"widget\" data-widget_type=\"dtr-feature.default\">\n\t\t\t\t<div class=\"elementor-widget-container\">\n\t\t\t\t\t        <div class=\"dtr-feature  dtr-feature--style-rounded dtr-feature--icon-vert-align-center dtr-feature--text-left dtr-feature--icon-align-left dtr-feature--size-small \">\r\n            <div class=\"dtr-icon dtr-feature__icon\">\r\n                                 <i class=\"icon-envelope\" aria-hidden=\"true\"><\/i>\r\n                   \r\n            <\/div>\r\n                     <div class=\"dtr-feature__content\">\r\n                          <p class=\"dtr-feature__subtext\">Email<\/p>\r\n                                       <h4 class=\"dtr-feature__heading\">shams@maleno.org<\/h4>\r\n                                                    <\/div>\r\n                <\/div>\r\n\t\t\t\t<\/div>\n\t\t\t\t<\/div>\n\t\t\t\t<div class=\"elementor-element elementor-element-951f236 elementor-widget elementor-widget-dtr-feature\" data-id=\"951f236\" data-element_type=\"widget\" data-widget_type=\"dtr-feature.default\">\n\t\t\t\t<div class=\"elementor-widget-container\">\n\t\t\t\t\t        <div class=\"dtr-feature  dtr-feature--style-rounded dtr-feature--icon-vert-align-center dtr-feature--text-left dtr-feature--icon-align-left dtr-feature--size-small \">\r\n            <div class=\"dtr-icon dtr-feature__icon\">\r\n                                 <i class=\"icon-chat\" aria-hidden=\"true\"><\/i>\r\n                   \r\n            <\/div>\r\n                     <div class=\"dtr-feature__content\">\r\n                          <p class=\"dtr-feature__subtext\">Instagram<\/p>\r\n                                       <h4 class=\"dtr-feature__heading\">@shamstanjaoui<\/h4>\r\n                                                    <\/div>\r\n                <\/div>\r\n\t\t\t\t<\/div>\n\t\t\t\t<\/div>\n\t\t\t\t<div class=\"elementor-element elementor-element-ace0f9c elementor-widget elementor-widget-dtr-feature\" data-id=\"ace0f9c\" data-element_type=\"widget\" data-widget_type=\"dtr-feature.default\">\n\t\t\t\t<div class=\"elementor-widget-container\">\n\t\t\t\t\t        <div class=\"dtr-feature  dtr-feature--style-rounded dtr-feature--icon-vert-align-top dtr-feature--text-left dtr-feature--icon-align-left dtr-feature--size-small \">\r\n            <div class=\"dtr-icon dtr-feature__icon\">\r\n                                 <i class=\"icon-geo-alt\" aria-hidden=\"true\"><\/i>\r\n                   \r\n            <\/div>\r\n                     <div class=\"dtr-feature__content\">\r\n                          <p class=\"dtr-feature__subtext\">Direcci\u00f3n<\/p>\r\n                                       <h4 class=\"dtr-feature__heading\">Estrecho de Gibraltar<\/h4>\r\n                                                    <\/div>\r\n                <\/div>\r\n\t\t\t\t<\/div>\n\t\t\t\t<\/div>\n\t\t\t\t<\/div>\n\t\t\t\t<\/div>\n\t\t<div class=\"elementor-element elementor-element-5a1f3b5 e-con-full e-flex e-con e-child\" data-id=\"5a1f3b5\" data-element_type=\"container\">\n\t\t<div class=\"elementor-element elementor-element-c31d593 e-con-full e-flex e-con e-child\" data-id=\"c31d593\" data-element_type=\"container\" data-settings=\"{&quot;background_background&quot;:&quot;classic&quot;}\">\n\t\t\t\t<div class=\"elementor-element elementor-element-310cca2 elementor-widget elementor-widget-shortcode\" data-id=\"310cca2\" data-element_type=\"widget\" data-widget_type=\"shortcode.default\">\n\t\t\t\t\t\t\t<div class=\"elementor-shortcode\">\n<div class=\"wpcf7 no-js\" id=\"wpcf7-f2221-o1\" lang=\"en-US\" dir=\"ltr\" data-wpcf7-id=\"2221\">\n<div class=\"screen-reader-response\"><p role=\"status\" aria-live=\"polite\" aria-atomic=\"true\"><\/p> <ul><\/ul><\/div>\n<form action=\"\/index.php?rest_route=%2Fwp%2Fv2%2Fpages%2F1332#wpcf7-f2221-o1\" method=\"post\" class=\"wpcf7-form init\" aria-label=\"Contact form\" novalidate=\"novalidate\" data-status=\"init\">\n<fieldset class=\"hidden-fields-container\"><input type=\"hidden\" name=\"_wpcf7\" value=\"2221\" \/><input type=\"hidden\" name=\"_wpcf7_version\" value=\"6.1.3\" \/><input type=\"hidden\" name=\"_wpcf7_locale\" value=\"en_US\" \/><input type=\"hidden\" name=\"_wpcf7_unit_tag\" value=\"wpcf7-f2221-o1\" \/><input type=\"hidden\" name=\"_wpcf7_container_post\" value=\"0\" \/><input type=\"hidden\" name=\"_wpcf7_posted_data_hash\" value=\"\" \/>\n<\/fieldset>\n<div>\n\t<p><label> <span class=\"wpcf7-form-control-wrap\" data-name=\"your-name\"><input size=\"40\" maxlength=\"400\" class=\"wpcf7-form-control wpcf7-text wpcf7-validates-as-required\" aria-required=\"true\" aria-invalid=\"false\" placeholder=\"Nombre\" value=\"\" type=\"text\" name=\"your-name\" \/><\/span> <\/label><br \/>\n<label> <span class=\"wpcf7-form-control-wrap\" data-name=\"your-email\"><input size=\"40\" maxlength=\"400\" class=\"wpcf7-form-control wpcf7-email wpcf7-validates-as-required wpcf7-text wpcf7-validates-as-email\" aria-required=\"true\" aria-invalid=\"false\" placeholder=\"hola@ejemplo.com\" value=\"\" type=\"email\" name=\"your-email\" \/><\/span> <\/label><br \/>\n<label> <span class=\"wpcf7-form-control-wrap\" data-name=\"your-subject\"><input size=\"40\" maxlength=\"400\" class=\"wpcf7-form-control wpcf7-text wpcf7-validates-as-required\" aria-required=\"true\" aria-invalid=\"false\" placeholder=\"Asunto\" value=\"\" type=\"text\" name=\"your-subject\" \/><\/span> <\/label><br \/>\n<label> <span class=\"wpcf7-form-control-wrap\" data-name=\"your-message\"><textarea cols=\"10\" rows=\"5\" maxlength=\"2000\" class=\"wpcf7-form-control wpcf7-textarea\" aria-invalid=\"false\" placeholder=\"Mensaje...\" name=\"your-message\"><\/textarea><\/span> <\/label><br \/>\n<span class=\"spacer-20\"><\/span>\n\t<\/p>\n\t<p><button type=\"submit\" class=\"dtr-btn\" aria-label=\"Send Button\">Enviar mensaje<\/button>\n\t<\/p>\n<\/div><div class=\"wpcf7-response-output\" aria-hidden=\"true\"><\/div>\n<\/form>\n<\/div>\n<\/div>\n\t\t\t\t\t\t<\/div>\n\t\t\t\t<\/div>\n\t\t\t\t<\/div>\n\t\t\t\t\t<\/div>\n\t\t\t\t<\/div>\n\t\t\t\t<\/div>\n\t\t","protected":false},"excerpt":{"rendered":"<p>Vocaci\u00f3n Transici\u00f3n ecol\u00f3gica al alcance La Tierra ha dicho basta a nuestra forma de vivir en ella. La crisis clim\u00e1tica es un aviso para hacernos regresar a una vida consciente y delicada. En esa urgencia de ideas bellas, hay tambi\u00e9n una realidad operativa de la que hacernos cargo en toda organizaci\u00f3n.\u00a0 C\u00f3mo trabajo la sostenibilidad [&hellip;]<\/p>\n","protected":false},"author":1,"featured_media":0,"parent":0,"menu_order":0,"comment_status":"closed","ping_status":"closed","template":"","meta":{"_monsterinsights_skip_tracking":false,"_monsterinsights_sitenote_active":false,"_monsterinsights_sitenote_note":"","_monsterinsights_sitenote_category":0,"footnotes":""},"class_list":["post-1332","page","type-page","status-publish","hentry"],"aioseo_notices":[],"_links":{"self":[{"href":"https:\/\/maleno.org\/index.php?rest_route=\/wp\/v2\/pages\/1332","targetHints":{"allow":["GET"]}}],"collection":[{"href":"https:\/\/maleno.org\/index.php?rest_route=\/wp\/v2\/pages"}],"about":[{"href":"https:\/\/maleno.org\/index.php?rest_route=\/wp\/v2\/types\/page"}],"author":[{"embeddable":true,"href":"https:\/\/maleno.org\/index.php?rest_route=\/wp\/v2\/users\/1"}],"replies":[{"embeddable":true,"href":"https:\/\/maleno.org\/index.php?rest_route=%2Fwp%2Fv2%2Fcomments&post=1332"}],"version-history":[{"count":22,"href":"https:\/\/maleno.org\/index.php?rest_route=\/wp\/v2\/pages\/1332\/revisions"}],"predecessor-version":[{"id":2579,"href":"https:\/\/maleno.org\/index.php?rest_route=\/wp\/v2\/pages\/1332\/revisions\/2579"}],"wp:attachment":[{"href":"https:\/\/maleno.org\/index.php?rest_route=%2Fwp%2Fv2%2Fmedia&parent=1332"}],"curies":[{"name":"wp","href":"https:\/\/api.w.org\/{rel}","templated":true}]}}